{"id":1290,"date":"2020-10-16T10:07:32","date_gmt":"2020-10-16T10:07:32","guid":{"rendered":"http:\/\/uusi.cinepro.fi\/?page_id=1290"},"modified":"2020-10-25T11:47:05","modified_gmt":"2020-10-25T11:47:05","slug":"sopimusehdot","status":"publish","type":"page","link":"https:\/\/cinepro.fi\/index.php\/sopimusehdot\/","title":{"rendered":"Cinepro yleiset sopimusehdot"},"content":{"rendered":"<p>[et_pb_section fb_built=&#8221;1&#8243; _builder_version=&#8221;4.6.6&#8243; _module_preset=&#8221;default&#8221;][et_pb_row _builder_version=&#8221;4.6.6&#8243; _module_preset=&#8221;default&#8221;][et_pb_column type=&#8221;4_4&#8243; _builder_version=&#8221;4.6.6&#8243; _module_preset=&#8221;default&#8221;][et_pb_text _builder_version=&#8221;4.6.6&#8243; _module_preset=&#8221;default&#8221;]<\/p>\n<h3>Yleiset sopimusehdot <br \/> (Versio 2.0, 14.10.2020)<\/h3>\n<p>&nbsp;<\/p>\n<ol>\n<li><strong> <\/strong><strong>Soveltamisala<\/strong><\/li>\n<\/ol>\n<p>N\u00e4m\u00e4 yleiset sopimusehdot liittyv\u00e4t Cinepro Finland Oy:n (Y-tunnus: 1996866-0, &#8220;<strong>Cinepro<\/strong>&#8220;) asiakkailleen, yhteisty\u00f6kumppaneilleen tai n\u00e4iden asiakkaiden loppuk\u00e4ytt\u00e4jille tarjoamiin palveluihin ja tuotteisiin. Sopimusehdot ovat voimassa Cinepron ja sopimuskumppanin (&#8220;<strong>Tilaaja<\/strong>&#8220;) v\u00e4lill\u00e4, ellei Cinepron ja Tilaajan v\u00e4lill\u00e4 ole kirjallisesti toisin sovittu.<\/p>\n<ol start=\"2\">\n<li><strong> <\/strong><strong>Palvelun toimittaminen, k\u00e4ytt\u00f6, muutokset ja keskeytt\u00e4minen<\/strong><\/li>\n<\/ol>\n<p>Cineprolla on oikeus tuottaa palvelut ja tuotteet parhaaksi katsomallaan tavalla sek\u00e4 k\u00e4ytt\u00e4\u00e4 palvelun toteuttamisessa ja tuotteen valmistamisessa alihankkijoita. Cinepro vastaa palvelun tai tuotteen soveltumisesta Tilaajan k\u00e4ytt\u00f6tarkoitukseen vain silt\u00e4 osin, kun sopimuksessa on nimenomaisesti sovittu.<\/p>\n<p>Ellei osapuolten v\u00e4lill\u00e4 ole nimenomaisesti toisin sovittu, Tilaaja on velvollinen kustannuksellaan hankkimaan kaikki palvelun tai tuotteen k\u00e4ytt\u00e4mist\u00e4 varten tarvittavat laitteet, ohjelmistot, liittym\u00e4t ja yhteydet.<\/p>\n<p>Ellei n\u00e4iss\u00e4 yleisiss\u00e4 sopimusehdoissa tai osapuolten v\u00e4lill\u00e4 ole muutoin nimenomaisesti toisin sovittu, omistusoikeus kaikkiin aineistoihin, palveluiden tarjoamisen tai tuotteen valmistamisen yhteydess\u00e4 syntyviin immateriaalioikeuksiin, ohjelmistoihin ja Tilaajalle tai K\u00e4ytt\u00e4jille (kuten m\u00e4\u00e4ritelty alla) luovutettuihin laitteisiin s\u00e4ilyy Cineprolla ja Tilaaja saa ainoastaan k\u00e4ytt\u00f6oikeuden siihen tarkoitukseen joihin aineistot, ohjelmistot ja laitteet on luovutettu.<\/p>\n<p>Jos palvelu tai tuote sis\u00e4lt\u00e4\u00e4, tai palvelun toimittamisessa tai tuotteen valmistamisessa muutoin k\u00e4ytet\u00e4\u00e4n kolmannen osapuolen ohjelmistoja tai palveluita, Tilaaja sitoutuu hyv\u00e4ksym\u00e4\u00e4n ja noudattamaan n\u00e4iden ehtojen lis\u00e4ksi t\u00e4llaisen kolmannen osapuolen k\u00e4ytt\u00f6oikeus-, lisenssi-, palvelu- ja muita ehtoja.<\/p>\n<p>Tilaaja vakuuttaa olevansa elinkeinonharjoittaja ja tilaavansa tuotteet ja\/tai palvelut k\u00e4ytett\u00e4v\u00e4ksi elinkeinotoiminnassaan.<\/p>\n<p><strong>Digital Cinema -palvelut<\/strong><\/p>\n<p>Digital Cinema-palveluilla tarkoitetaan Cinepron tarjoamia DCP-masterointi, DCP-lokalisointi, TV\/VOD-masterointi ja resaurointipalveluita ja niihin liittyvi\u00e4 tuotteita (\u201d<strong>DC-palvelut<\/strong>\u201d).<\/p>\n<p>Cinepron on toimitettava DC-palvelut sovittuna toimitusp\u00e4iv\u00e4n\u00e4 tai sovitun ajan kuluessa. Jos toimitusaikaa ei ole sovittu, DC-palvelut tulee toimittaa kohtuullisen ajan kuluessa. Jos toimitus viiv\u00e4styy muusta kuin Cineprosta johtuvasta syyst\u00e4, toimitusaikaa jatketaan, kunnes toimituksen est\u00e4v\u00e4 syy on korjattu tai poistunut.<\/p>\n<p>Toimituksen tapahduttua, Tilaajan tulee viipym\u00e4tt\u00e4 tarkistaa toimitettu palvelu tai tuote. Toimitus katsotaan hyv\u00e4ksytyksi, ellei Tilaaja reklamoi havaitsemistaan virheist\u00e4 kirjallisesti viimeist\u00e4\u00e4n yhden (1) viikon kuluessa toimituksesta. Mik\u00e4li DC-palvelut toimitetaan tiedonsiirtoyhteytt\u00e4 k\u00e4ytt\u00e4en, tuote tai palvelu katsotaan toimitetuksi siit\u00e4 lukien, kun se on Tilaajan saatavilla.<\/p>\n<p>Tilaaja on velvollinen korvaamaan DC-palveluihin liittyv\u00e4t lis\u00e4- ja muutosty\u00f6t, jotka aiheutuvat Tilaajan tai sen edustajan antamista virheellisist\u00e4 aineistoista tai ohjeista, puuttuvista tiedoista, Tilaajan viiv\u00e4styksest\u00e4 tai muusta vastaavasta Tilaajasta johtuvasta syyst\u00e4. Jos tilauksen j\u00e4lkeen sovitaan teht\u00e4viksi muutoksia, Cinepro on oikeutettu korvaukseen n\u00e4in syntyneist\u00e4 lis\u00e4- ja muutost\u00f6ist\u00e4.<\/p>\n<p><strong><u>Tietoj\u00e4rjestelm\u00e4- ja jakelupalvelut<\/u><\/strong><\/p>\n<p>Tietoj\u00e4rjestelm\u00e4- ja jakelupalveluilla tarkoitetaan Cinepron Tilaajalle tarjoamia s\u00e4hk\u00f6iseen tiedonsiirtoon perustuvia palveluita. Tietoj\u00e4rjestelm\u00e4- ja jakelupalveluita koskevia ehtoja sovelletaan my\u00f6s Cinepron tai kolmansien osapuolten palvelimien (&#8220;<strong>Palvelimet<\/strong>&#8220;) kautta tapahtuviin latauksiin ja toimituksiin (L\u00e4het\u00e4 Cineprolle \u2013 Upload to Cinepro -palvelu).<\/p>\n<p>Tilaaja saa k\u00e4ytt\u00e4\u00e4 palvelua vain omassa toiminnassaan, omalla vastuullaan, soveltuvia lakeja ja s\u00e4\u00e4d\u00f6ksi\u00e4 noudattaen. Tilaajalla ei ole oikeutta j\u00e4lleenmyyd\u00e4 tai edelleen luovuttaa palvelua, ellei sopimuksessa ole nimenomaisesti toisin sovittu. Sik\u00e4li kun Tilaaja, sopimuksen mukaisesti tai muutoin, luovuttaa palvelun k\u00e4ytett\u00e4v\u00e4ksi kolmannelle osapuolelle (&#8220;<strong>K\u00e4ytt\u00e4j\u00e4<\/strong>&#8220;), Tilaaja vastaa siit\u00e4, ett\u00e4 palvelua k\u00e4ytet\u00e4\u00e4n sopimuksen mukaisesti ja, ett\u00e4 K\u00e4ytt\u00e4j\u00e4 noudattaa Cinepron ja Tilaajan v\u00e4lisen sopimuksen ehtoja.<\/p>\n<p>Tilaajan ja K\u00e4ytt\u00e4j\u00e4n tulee k\u00e4ytt\u00e4\u00e4 palvelua siten, ettei k\u00e4yt\u00f6st\u00e4 aiheudu h\u00e4iri\u00f6t\u00e4 muille k\u00e4ytt\u00e4jille. Tilaaja vastaa Palvelimille tai Cineprolle muutoin, toimitetusta, tallennetusta tai Palvelinten kautta v\u00e4litetyst\u00e4 sis\u00e4ll\u00f6st\u00e4 ja aineistosta. Tilaaja vastaa my\u00f6s siit\u00e4, ettei sis\u00e4lt\u00f6 ja aineisto loukkaa hyv\u00e4\u00e4 tapaa, lain ja viranomaisten m\u00e4\u00e4r\u00e4yksi\u00e4 tai suosituksia, eik\u00e4 kolmansien tekij\u00e4noikeuksia. Cineprolla on oikeus poistaa t\u00e4m\u00e4n kohdan vastaisesti toimitettu tai tallennettu sis\u00e4lt\u00f6 ja aineisto sek\u00e4 est\u00e4\u00e4 sopimuksen vastainen palvelun k\u00e4ytt\u00f6.<\/p>\n<p>Cineprolla on oikeus siirt\u00e4\u00e4 ja muutoin k\u00e4sitell\u00e4 Palvelimilla olevaa materiaalia palvelun tarjoamiseksi. Lis\u00e4ksi, Cineprolla on oikeus tarjota K\u00e4ytt\u00e4jille maksullisia, Tilaajan ja Cinepron sopimukseen kuulumattomia, lis\u00e4palveluita (&#8220;<strong>Lis\u00e4palvelut<\/strong>&#8220;) Tilaajalle tuotetun palvelun ohella. Cinepro ja K\u00e4ytt\u00e4j\u00e4 sopivat Lis\u00e4palveluista erikseen.<\/p>\n<p>Cineprolla on oikeus muuttaa palvelun teknist\u00e4 toteutusta siten, ett\u00e4 Tilaajalle tarjotun palvelun taso ei kokonaisuutena alene. Muutoksia palvelun toteutukseen voidaan tehd\u00e4, muun muassa, alalla tapahtuvan kehityksen, Cinepron oman toiminnan muutoksen, laite- tai ohjelmistovalmistajan tuotteiden tai lisenssiehtojen, lains\u00e4\u00e4d\u00e4nn\u00f6n tai viranomaism\u00e4\u00e4r\u00e4ysten muuttumisen vuoksi.<\/p>\n<p>Cineprolla on oikeus tilap\u00e4isesti, kohtuulliseksi ajaksi ja tarpeelliseksi katsomassaan laajuudessa keskeytt\u00e4\u00e4 palvelun toimitus tai k\u00e4ytt\u00f6, mik\u00e4li keskeytt\u00e4minen on tarpeen palveluiden muuttamista, korjaamista, p\u00e4ivitt\u00e4mist\u00e4, tai yll\u00e4pitoa varten. Lis\u00e4ksi Cineprolla on oikeus keskeytt\u00e4\u00e4 palvelun toimitus tai k\u00e4ytt\u00f6 v\u00e4litt\u00f6m\u00e4sti ja ilman erillist\u00e4 ilmoitusta, mik\u00e4li Tilaaja tai K\u00e4ytt\u00e4j\u00e4 on rikkonut sopimusehtoja tai sopimukseen perustuvia maksuja on ollut maksamatta v\u00e4hint\u00e4\u00e4n 60 p\u00e4iv\u00e4\u00e4 alkuper\u00e4isest\u00e4 er\u00e4p\u00e4iv\u00e4st\u00e4. Palvelun tai k\u00e4yt\u00f6n keskeytt\u00e4minen t\u00e4m\u00e4n kohdan mukaisesti ei poista tai keskeyt\u00e4 sopimuksen mukaisten maksujen maksuvelvollisuutta tai oikeuta alennukseen.<\/p>\n<p>Sopimuskauden p\u00e4\u00e4tytty\u00e4, tai mik\u00e4li sopimuskaudesta ei ole nimenomaisesti sovittu, kohtuullisessa ajassa palvelun tai tuotteen toimittamisen j\u00e4lkeen, Cineprolla on oikeus poistaa Palvelimille toimitettu, tallennettu tai niiden kautta v\u00e4litetty materiaali sek\u00e4 muu palveluihin liittyv\u00e4 materiaali ja tieto.<\/p>\n<ol start=\"3\">\n<li><strong> <\/strong><strong>Laitteet<\/strong><\/li>\n<\/ol>\n<p>Silloin kun toimitus sis\u00e4lt\u00e4\u00e4 laitteen luovutuksen Tilaajan omistukseen, t\u00e4llaisen laitteen omistusoikeus siirtyy Tilaajalle, kun kauppahinta ja muut kauppaan liittyv\u00e4t maksut on kokonaan maksettu. Vaaranvastuu laitteesta siirtyy Tilaajalle, kun laite on kuljetettu sovittuun toimitusosoitteeseen tai Tilaaja on sen noutanut.<\/p>\n<ol start=\"4\">\n<li><strong> <\/strong><strong>Immateriaalioikeudet<\/strong><\/li>\n<\/ol>\n<p>Tilaaja vastaa siit\u00e4, ett\u00e4 Cineprolle toimitettu sis\u00e4lt\u00f6 tai aineisto, mukaan lukien Palvelimille toimitettu, tallennettu tai niiden kautta v\u00e4litetty sis\u00e4lt\u00f6 tai aineisto, ei loukkaa kolmannen osapuolen immateriaalioikeuksia. Tilaajan on hankittava kaikki tarvittavat oikeudet ja korvattava Cineprolle kaikki immateriaalioikeuksien loukkauksista aiheutuneet vahingot.<\/p>\n<p>DC-palveluita varten Cineprolle toimitettuun aineistoon ja tietoj\u00e4rjestelm\u00e4- ja jakelupalveluiden v\u00e4lityksell\u00e4 v\u00e4litett\u00e4v\u00e4\u00e4n aineistoon liittyv\u00e4t immateriaalioikeudet kuuluvat Tilaajalle tai kolmannelle osapuolelle, eik\u00e4 sopimuksella siirret\u00e4 t\u00e4llaisia immateriaalioikeuksia.<\/p>\n<p>Cineprolla on oikeus korvauksetta ja osapuolten v\u00e4lill\u00e4 sovittujen yleisten salassapitoehtojen est\u00e4m\u00e4tt\u00e4 k\u00e4ytt\u00e4\u00e4 Tilaajan toiminime\u00e4 ja kuvausta Cinepron Tilaajalle toimittamasta palvelusta referenssin\u00e4 verkkosivuillaan ja muussa markkinointimateriaalissaan sopimuksen voimassaoloaikana ja sen j\u00e4lkeen.<\/p>\n<ol start=\"5\">\n<li><strong> <\/strong><strong>Hinnat ja maksuehdot<\/strong><\/li>\n<\/ol>\n<p>Tilaaja on velvollinen maksamaan Cineprolle kulloinkin voimassa olevan hinnaston mukaiset maksut, jollei osapuolten v\u00e4lisess\u00e4 sopimuksessa ole toisin sovittu. Cineprolla on oikeus veloittaa sopimukseen kuulumattomat palvelut ja lis\u00e4tilaukset tai muutokset Tilaajalta sopimuksen tai kulloinkin voimassaolevan hinnaston mukaisesti.<\/p>\n<p>Hinnat ilmoitetaan ilman arvonlis\u00e4veroa (ALV 0 %) ja arvonlis\u00e4vero lis\u00e4t\u00e4\u00e4n hintoihin laskutettaessa.<\/p>\n<p>Maksuehto on 14 p\u00e4iv\u00e4\u00e4 netto laskun p\u00e4iv\u00e4yksest\u00e4. Viiv\u00e4styskorko on korkolain (633\/1982, muutoksineen) mukainen.<\/p>\n<p>Cineprolla on oikeus muuttaa palvelujen hintoja, jos palveluun liittyv\u00e4ss\u00e4 lains\u00e4\u00e4d\u00e4nn\u00f6ss\u00e4, veroissa tai viranomaismaksuissa tapahtuu muutoksia, Cinepron ICT-, ohjelmisto- tai laitetoimittaja tai muu alihankkija muuttaa hinnoitteluaan tai muun olosuhteiden olennaisen muutoksen vuoksi.<\/p>\n<p>Silt\u00e4 osin kuin tuotteen tai palvelun hinta on sovittu perustuvaksi tuntiveloitukseen, Cineprolla on oikeus palkkioon kultakin alkavalta puolelta tunnilta.<\/p>\n<p>Selvyyden vuoksi todetaan, ett\u00e4 Cinepron verkkosivuilla esitetyt tai Tilaajan tai sen edustajan Cinepron verkkosivujen kautta pyyt\u00e4m\u00e4t hinta-arviot ovat suuntaa-antavia. Cineprolla on oikeus poiketa hinta-arviosta ilmoittamalla t\u00e4st\u00e4 Tilaajalle.<\/p>\n<ol start=\"6\">\n<li><strong> <\/strong><strong>Vahingonkorvaus ja vastuunrajoitukset<\/strong><\/li>\n<\/ol>\n<p>Cinepro on velvollinen korvaamaan Tilaajalle aiheuttamansa v\u00e4litt\u00f6m\u00e4t vahingot sopimuksessa ja n\u00e4iss\u00e4 yleisiss\u00e4 ehdoissa mainitut vastuunrajoitukset huomioiden.<\/p>\n<p>Cinepro ei vastaa Tilaajalle mahdollisesti aiheutuvista v\u00e4lillisist\u00e4 vahingoista.<\/p>\n<p>Cinepron vastuu v\u00e4litt\u00f6mist\u00e4 vahingoista on rajoitettu siihen m\u00e4\u00e4r\u00e4\u00e4n, joka vastaa vahinkotapahtumaa edelt\u00e4neen kuuden kuukauden aikana Tilaajan Cineprolle sopimuksen perusteella maksamia maksuja (ottamatta huomioon maksuihin sis\u00e4ltyv\u00e4\u00e4 arvonlis\u00e4veroa).<\/p>\n<ol start=\"7\">\n<li><strong> <\/strong><strong>Salassapito<\/strong><\/li>\n<\/ol>\n<p>Tilaaja sitoutuu pit\u00e4m\u00e4\u00e4n luottamuksellisina kaiken Cineprolta saamansa aineiston ja tiedon, mukaan lukien sopimusehdot ja hinnat, sek\u00e4 aineiston, joka on merkitty luottamuksellisiksi tai aineiston ja tiedot, jotka on ymm\u00e4rrett\u00e4v\u00e4 luottamuksellisiksi (<strong>Luottamuksellinen Tieto<\/strong>). Tilaaja saa k\u00e4ytt\u00e4\u00e4 Luottamuksellista Tietoa vain sopimuksen mukaisiin tarkoituksiin ja sopimuksen p\u00e4\u00e4ttyess\u00e4 Tilaajan on viipym\u00e4tt\u00e4 lopetettava Luottamuksellisen Tiedon k\u00e4ytt\u00e4minen ja h\u00e4vitett\u00e4v\u00e4 kaikki Luottamuksellinen Tieto. T\u00e4m\u00e4n kohdan mukainen salassapitovelvollisuus sitoo Tilaajaa my\u00f6s sopimuksen p\u00e4\u00e4ttymisen j\u00e4lkeen.<\/p>\n<ol start=\"8\">\n<li><strong> <\/strong><strong>Sopimuksen voimassaolo ja p\u00e4\u00e4ttyminen<\/strong><\/li>\n<\/ol>\n<p>Sopimuksen voimassaolosta ja sopimuksen alla toimitettavien palveluiden toimituskausista sovitaan sopimuksessa tai muutoin erikseen Cinepron ja Tilaajan v\u00e4lill\u00e4.<\/p>\n<p>Cineprolla on oikeus keskeytt\u00e4\u00e4 palveluiden toimittaminen ja k\u00e4ytt\u00f6 tai irtisanoa sopimus kokonaan tai osittain mik\u00e4li Tilaaja tai K\u00e4ytt\u00e4j\u00e4 on:<\/p>\n<ul>\n<li>(i) olennaisesti rikkonut sopimusehtoja eik\u00e4 korjaa rikkomustaan nelj\u00e4ss\u00e4toista (14) vuorokaudessa kirjallisesti esitetyst\u00e4 vaatimuksesta,<\/li>\n<li>(ii) sopimukseen perustuvia maksuja on ollut maksamatta v\u00e4hint\u00e4\u00e4n 60 p\u00e4iv\u00e4\u00e4 alkuper\u00e4isest\u00e4 er\u00e4p\u00e4iv\u00e4st\u00e4,<\/li>\n<li>(iii) asetettu konkurssiin, tai on yrityssaneerauksen tai maksukyvytt\u00f6myysmenettelyn kohteena, tai muutoin on selv\u00e4\u00e4, ettei se pysty suoriutumaan sopimuksen mukaisista taloudellisista velvoitteistaan,<\/li>\n<li>(iv) tai jos palveluiden toimittamiseen on ylivoimainen este, kuten esimerkiksi Cinepron alihankkijasta tai toimittajasta johtuva palvelun estyminen, joka on jatkunut v\u00e4hint\u00e4\u00e4n 60 p\u00e4iv\u00e4\u00e4.<\/li>\n<\/ul>\n<p>Palvelun tai k\u00e4yt\u00f6n keskeytt\u00e4minen tai sopimuksen irtisanominen t\u00e4m\u00e4n kohdan mukaisesti muusta kuin yll\u00e4 kohdassa (iv) mainitusta syyst\u00e4 ei poista tai keskeyt\u00e4 sopimuksen mukaisten maksujen maksuvelvollisuutta tai oikeuta Tilaajaa alennukseen.<\/p>\n<p>Sopimuksen p\u00e4\u00e4ttyess\u00e4, Tilaaja on velvollinen kustannuksellaan palauttamaan Cineprolle Tilaajan tai K\u00e4ytt\u00e4j\u00e4n k\u00e4yt\u00f6ss\u00e4 olleet Cinepron tai sen alihankkijan omistamat laitteet ja muun omaisuuden sellaisessa kunnossa kuin ne Tilaajalle tai K\u00e4ytt\u00e4j\u00e4lle luovutettaessa olivat. Tilaaja ei kuitenkaan vastaa laitteiden tavanomaisesta kulumisesta.<\/p>\n<ol start=\"9\">\n<li><strong> <\/strong><strong>Sopimuksen siirt\u00e4minen<\/strong><\/li>\n<\/ol>\n<p>Tilaajalla ei ole oikeutta siirt\u00e4\u00e4 sopimusta tai sen mukaisia oikeuksiaan ilman Cinepron etuk\u00e4teist\u00e4 kirjallista suostumusta. Cineprolla on oikeus siirt\u00e4\u00e4 sopimus osaksi tai kokonaan sek\u00e4 siirt\u00e4\u00e4 sopimukseen perustuvat saatavansa kolmannelle osapuolelle.<\/p>\n<ol start=\"10\">\n<li><strong> <\/strong><strong>Yleisten ehtojen voimassaolo ja muuttaminen<\/strong><\/li>\n<\/ol>\n<p>N\u00e4m\u00e4 yleiset sopimusehdot ovat voimassa 14.10.2020 alkaen toistaiseksi ja ovat saatavissa Cinepro Finland Oy:n verkkosivuilta.<\/p>\n<p>Cinepro voi muuttaa n\u00e4it\u00e4 yleisi\u00e4 sopimusehtoja ilmoittamalla uusista ehdoista Tilaajalle v\u00e4hint\u00e4\u00e4n kuukautta ennen niiden voimaantuloa.<\/p>\n<ol start=\"11\">\n<li><strong> <\/strong><strong>Sovellettava laki ja riidanratkaisu<\/strong><\/li>\n<\/ol>\n<p>Sopimukseen sovelletaan Suomen lakeja lukuun ottamatta sen lainvalintas\u00e4\u00e4nn\u00f6ksi\u00e4.<\/p>\n<p>Sopimuksesta aiheutuvat riidat ratkaistaan Helsingin k\u00e4r\u00e4j\u00e4oikeudessa.<\/p>\n<p>T\u00e4m\u00e4n kohdan est\u00e4m\u00e4tt\u00e4, Cineprolla on kuitenkin oikeus saattaa er\u00e4\u00e4ntynytt\u00e4 saatavaa koskeva asia rajoituksetta toimivaltaisen tuomioistuimen ja ulosottoviranomaisten k\u00e4sitelt\u00e4v\u00e4ksi.<\/p>\n<ol start=\"12\">\n<li><strong> <\/strong><strong>Cinepron yhteystiedot<\/strong><\/li>\n<\/ol>\n<p>Cinepro Finland Oy<\/p>\n<p>Y-tunnus:\u00a01996866-0 (kaupparekisteri, Patentti- ja rekisterihallitus)<\/p>\n<p>E-mail: info@cinepro.fi<\/p>\n<p>ALV-tunniste: FI19968660<\/p>\n<p>&nbsp;<\/p>\n<p>[\/et_pb_text][\/et_pb_column][\/et_pb_row][\/et_pb_section]<\/p>\n","protected":false},"excerpt":{"rendered":"<p>Yleiset sopimusehdot (Versio 2.0, 14.10.2020) &nbsp; Soveltamisala N\u00e4m\u00e4 yleiset sopimusehdot liittyv\u00e4t Cinepro Finland Oy:n (Y-tunnus: 1996866-0, &#8220;Cinepro&#8221;) asiakkailleen, yhteisty\u00f6kumppaneilleen tai n\u00e4iden asiakkaiden loppuk\u00e4ytt\u00e4jille tarjoamiin palveluihin ja tuotteisiin. Sopimusehdot ovat voimassa Cinepron ja sopimuskumppanin (&#8220;Tilaaja&#8221;) v\u00e4lill\u00e4, ellei Cinepron ja Tilaajan v\u00e4lill\u00e4 ole kirjallisesti toisin sovittu. Palvelun toimittaminen, k\u00e4ytt\u00f6, muutokset ja keskeytt\u00e4minen Cineprolla on oikeus tuottaa palvelut [&hellip;]<\/p>\n","protected":false},"author":1,"featured_media":0,"parent":0,"menu_order":0,"comment_status":"closed","ping_status":"closed","template":"","meta":{"_et_pb_use_builder":"on","_et_pb_old_content":"","_et_gb_content_width":"","footnotes":""},"class_list":["post-1290","page","type-page","status-publish","hentry"],"_links":{"self":[{"href":"https:\/\/cinepro.fi\/index.php\/wp-json\/wp\/v2\/pages\/1290","targetHints":{"allow":["GET"]}}],"collection":[{"href":"https:\/\/cinepro.fi\/index.php\/wp-json\/wp\/v2\/pages"}],"about":[{"href":"https:\/\/cinepro.fi\/index.php\/wp-json\/wp\/v2\/types\/page"}],"author":[{"embeddable":true,"href":"https:\/\/cinepro.fi\/index.php\/wp-json\/wp\/v2\/users\/1"}],"replies":[{"embeddable":true,"href":"https:\/\/cinepro.fi\/index.php\/wp-json\/wp\/v2\/comments?post=1290"}],"version-history":[{"count":7,"href":"https:\/\/cinepro.fi\/index.php\/wp-json\/wp\/v2\/pages\/1290\/revisions"}],"predecessor-version":[{"id":1579,"href":"https:\/\/cinepro.fi\/index.php\/wp-json\/wp\/v2\/pages\/1290\/revisions\/1579"}],"wp:attachment":[{"href":"https:\/\/cinepro.fi\/index.php\/wp-json\/wp\/v2\/media?parent=1290"}],"curies":[{"name":"wp","href":"https:\/\/api.w.org\/{rel}","templated":true}]}}